{"id":1319,"date":"2023-03-27T13:45:35","date_gmt":"2023-03-27T13:45:35","guid":{"rendered":"https:\/\/hallenprofi.com\/?page_id=1319"},"modified":"2023-08-30T11:34:26","modified_gmt":"2023-08-30T11:34:26","slug":"hallenbau-und-stahlbau","status":"publish","type":"page","link":"https:\/\/hallenprofi.com\/","title":{"rendered":"Home"},"content":{"rendered":"\n<div class=\"container-fluid\" style=\"text-align:center; padding-top:5rem;padding-bottom:5rem;\">\n<p style=\"font-size:1.5rem;margin-bottom:1rem;\">Hallenprofi &#8211; Ihr Ansprechpartner f\u00fcr<\/p>\n<h1>Hallenbau, Stahlbau, Planenhallen, Leichtbauhallen, Gewerbehallen,&#8230;<\/h1>\n<h2>Und jedes weitere Thema rund um Hallensysteme<\/h2>\n<p><a href=\"\/?page_id=1342\" class=\"btn btn-primary\">Unverbindliches Angebot einholen<\/a>\n<\/div>\n<p><img decoding=\"async\" src=\"https:\/\/hallenprofi.com\/wp-content\/uploads\/2023\/03\/service.png\" class=\"img-fluid\" style=\"margin-left:auto;margin-right:auto;display:block;\" alt=\"Hallenprofi - Stahlbau - Hallenbau - Zeltbau\"><\/p>\n<div class=\"dachtypen\">\n<h2>DACHTYPEN<\/h2>\n<p>St\u00fctzenfreie Spannweite bis 80 m<\/p>\n<div class=\"row\">\n<div class=\"col-4\"><img decoding=\"async\" class=\"img-fluid\" src=\"https:\/\/hallenprofi.com\/wp-content\/uploads\/2023\/03\/satteldach.jpg\" alt=\"Hallenprofi - Planenhalle\"><\/p>\n<h3>Satteldach<\/h3>\n<\/div>\n<div class=\"col-4\"><img decoding=\"async\" class=\"img-fluid\" src=\"https:\/\/hallenprofi.com\/wp-content\/uploads\/2023\/03\/runddach.jpg\" alt=\"Hallenprofi - Planenhalle\"><\/p>\n<h3>Runddach<\/h3>\n<\/div>\n<div class=\"col-4\"><img decoding=\"async\" class=\"img-fluid\" src=\"https:\/\/hallenprofi.com\/wp-content\/uploads\/2023\/03\/multipitch_dach.jpg\" alt=\"Hallenprofi - Planenhalle\"><\/p>\n<h3>Multipitch-Dach<\/h3>\n<\/div>\n<\/div>\n<div class=\"row\">\n<div class=\"col-4\"><img decoding=\"async\" class=\"img-fluid\" src=\"https:\/\/hallenprofi.com\/wp-content\/uploads\/2023\/03\/pultdach.jpg\" alt=\"Hallenprofi - Hallenbau - Stahlbau\"><\/p>\n<h3>Pultdach<\/h3>\n<\/div>\n<div class=\"col-4\"><img decoding=\"async\" class=\"img-fluid\" src=\"https:\/\/hallenprofi.com\/wp-content\/uploads\/2023\/03\/flugdach.jpg\" alt=\"Hallenprofi - Hallenbau - Stahlbau\"><\/p>\n<h3>Flugdach &#8211; Mariposa (Butterfly)<\/h3>\n<\/div>\n<div class=\"col-4\"><img decoding=\"async\" class=\"img-fluid\" src=\"https:\/\/hallenprofi.com\/wp-content\/uploads\/2023\/03\/flugdach_horizont.jpg\" alt=\"Hallenprofi - Hallenbau - Stahlbau\"><\/p>\n<h3>Flugdach &#8211; Horizont<\/h3>\n<\/div>\n<\/div>\n<div class=\"container\" style=\"padding-top:5rem;\">\n<p>Ausf\u00fchrung der Konstruktionen<br \/>Fachwerktr\u00e4ger (Gittertr\u00e4ger)<br \/>Stahltr\u00e4ger: HEA, HEB, HEM, IPM &#038; IPN<\/p>\n<\/div>\n<\/div>\n<div class=\"row galerie\">\n<div class=\"col-lg-6\">\n<h2>Planenhalle \/ Hallenkonstruktion mit<br \/>weicher Bedachung<\/h2>\n<\/div>\n<div class=\"d-none d-lg-block col-lg-6\">\n<h2>Konventioneller Hallenbau<\/h2>\n<\/div>\n<div class=\"col-12 col-lg-6\">\n\n<\/div>\n<div class=\"col-12 d-lg-none\">\n<h2>Konventioneller Hallenbau<\/h2>\n<\/div>\n<div class=\"col-12 col-lg-6\">\n\n<\/div>\n<\/div>\n<div class=\"row galerie\">\n<div class=\"col-lg-6\">\n<h2>Mix Variationen<\/h2>\n<\/div>\n<div class=\"d-none d-lg-block col-lg-6\">\n<h2>Sporthallen und Hangars<\/h2>\n<\/div>\n<div class=\"col-12 col-lg-6\">\n\n<\/div>\n<div class=\"col-12 d-lg-none\">\n<h2>Sporthallen und Hangars<\/h2>\n<\/div>\n<div class=\"col-12 col-lg-6\">\n\n<\/div>\n<\/div>\n","protected":false},"excerpt":{"rendered":"<p>Hallenprofi &#8211; Ihr Ansprechpartner f\u00fcr Hallenbau, Stahlbau, Planenhallen, Leichtbauhallen, Gewerbehallen,&#8230; Und jedes weitere Thema rund um Hallensysteme Unverbindliches Angebot einholen DACHTYPEN St\u00fctzenfreie Spannweite bis 80 m Satteldach Runddach Multipitch-Dach Pultdach Flugdach &#8211; Mariposa (Butterfly) Flugdach &#8211; Horizont Ausf\u00fchrung der KonstruktionenFachwerktr\u00e4ger (Gittertr\u00e4ger)Stahltr\u00e4ger: HEA, HEB, HEM, IPM &#038; IPN Planenhalle \/ Hallenkonstruktion mitweicher Bedachung Konventioneller Hallenbau Konventioneller [&hellip;]<\/p>\n","protected":false},"author":1,"featured_media":0,"parent":0,"menu_order":0,"comment_status":"closed","ping_status":"closed","template":"fullwidth.php","meta":{"footnotes":""},"yoast_head":"<!-- This site is optimized with the Yoast SEO plugin v22.6 - https:\/\/yoast.com\/wordpress\/plugins\/seo\/ -->\n<title>Hallenbau und Stahlbau<\/title>\n<meta name=\"description\" content=\"Hallenprofi Ihr Profi f\u00fcr Hallensysteme und Stahlbau - Hallenbau, Stahlbau, Planenhallen, Leichtbauhallen, Gewerbehallen,\u2026\" \/>\n<meta name=\"robots\" content=\"index, follow, max-snippet:-1, max-image-preview:large, max-video-preview:-1\" \/>\n<link rel=\"canonical\" href=\"https:\/\/hallenprofi.com\/\" \/>\n<meta property=\"og:locale\" content=\"de_DE\" \/>\n<meta property=\"og:type\" content=\"article\" \/>\n<meta property=\"og:title\" content=\"Hallenprofi\" \/>\n<meta property=\"og:description\" content=\"Entwicklung, Planung, Fertigung und Montage von Hallensystemen\" \/>\n<meta property=\"og:url\" content=\"https:\/\/hallenprofi.com\/\" \/>\n<meta property=\"og:site_name\" content=\"Hallenprofi\" \/>\n<meta property=\"article:publisher\" content=\"https:\/\/www.facebook.com\/profile.php?id=100092280856640\" \/>\n<meta property=\"article:modified_time\" content=\"2023-08-30T11:34:26+00:00\" \/>\n<meta property=\"og:image\" content=\"https:\/\/hallenprofi.com\/wp-content\/uploads\/2023\/04\/hallenprofi_social.jpg\" \/>\n\t<meta property=\"og:image:width\" content=\"800\" \/>\n\t<meta property=\"og:image:height\" content=\"413\" \/>\n\t<meta property=\"og:image:type\" content=\"image\/jpeg\" \/>\n<meta name=\"twitter:card\" content=\"summary_large_image\" \/>\n<meta name=\"twitter:title\" content=\"Hallenprofi\" \/>\n<meta name=\"twitter:description\" content=\"Entwicklung, Planung, Fertigung und Montage von Hallensystemen\" \/>\n<meta name=\"twitter:image\" content=\"https:\/\/hallenprofi.com\/wp-content\/uploads\/2023\/04\/hallenprofi_social.jpg\" \/>\n<meta name=\"twitter:label1\" content=\"Gesch\u00e4tzte Lesezeit\" \/>\n\t<meta name=\"twitter:data1\" content=\"2\u00a0Minuten\" \/>\n<script type=\"application\/ld+json\" class=\"yoast-schema-graph\">{\"@context\":\"https:\/\/schema.org\",\"@graph\":[{\"@type\":\"WebPage\",\"@id\":\"https:\/\/hallenprofi.com\/\",\"url\":\"https:\/\/hallenprofi.com\/\",\"name\":\"Hallenbau und Stahlbau\",\"isPartOf\":{\"@id\":\"https:\/\/hallenprofi.com\/#website\"},\"primaryImageOfPage\":{\"@id\":\"https:\/\/hallenprofi.com\/#primaryimage\"},\"image\":{\"@id\":\"https:\/\/hallenprofi.com\/#primaryimage\"},\"thumbnailUrl\":\"https:\/\/hallenprofi.com\/wp-content\/uploads\/2023\/03\/service.png\",\"datePublished\":\"2023-03-27T13:45:35+00:00\",\"dateModified\":\"2023-08-30T11:34:26+00:00\",\"description\":\"Hallenprofi Ihr Profi f\u00fcr Hallensysteme und Stahlbau - Hallenbau, Stahlbau, Planenhallen, Leichtbauhallen, Gewerbehallen,\u2026\",\"breadcrumb\":{\"@id\":\"https:\/\/hallenprofi.com\/#breadcrumb\"},\"inLanguage\":\"de\",\"potentialAction\":[{\"@type\":\"ReadAction\",\"target\":[\"https:\/\/hallenprofi.com\/\"]}]},{\"@type\":\"ImageObject\",\"inLanguage\":\"de\",\"@id\":\"https:\/\/hallenprofi.com\/#primaryimage\",\"url\":\"https:\/\/hallenprofi.com\/wp-content\/uploads\/2023\/03\/service.png\",\"contentUrl\":\"https:\/\/hallenprofi.com\/wp-content\/uploads\/2023\/03\/service.png\",\"width\":1189,\"height\":148,\"caption\":\"Hallenprofi - Stahlbau - Hallenbau - Industriehallen - Planenhallen - Zeltbau - Gewerbehalle\"},{\"@type\":\"BreadcrumbList\",\"@id\":\"https:\/\/hallenprofi.com\/#breadcrumb\",\"itemListElement\":[{\"@type\":\"ListItem\",\"position\":1,\"name\":\"Startseite\",\"item\":\"https:\/\/hallenprofi.com\/\"},{\"@type\":\"ListItem\",\"position\":2,\"name\":\"Home\"}]},{\"@type\":\"WebSite\",\"@id\":\"https:\/\/hallenprofi.com\/#website\",\"url\":\"https:\/\/hallenprofi.com\/\",\"name\":\"Hallenprofi\",\"description\":\"Hallenbau, Stahlbau, Planenhallen, Leichtbauhallen, Gewerbehallen,\u2026\",\"publisher\":{\"@id\":\"https:\/\/hallenprofi.com\/#organization\"},\"alternateName\":\"Hallenprofi\",\"potentialAction\":[{\"@type\":\"SearchAction\",\"target\":{\"@type\":\"EntryPoint\",\"urlTemplate\":\"https:\/\/hallenprofi.com\/?s={search_term_string}\"},\"query-input\":\"required name=search_term_string\"}],\"inLanguage\":\"de\"},{\"@type\":\"Organization\",\"@id\":\"https:\/\/hallenprofi.com\/#organization\",\"name\":\"Hallenprofi\",\"alternateName\":\"Stahl & Hallen Profi GmbH\",\"url\":\"https:\/\/hallenprofi.com\/\",\"logo\":{\"@type\":\"ImageObject\",\"inLanguage\":\"de\",\"@id\":\"https:\/\/hallenprofi.com\/#\/schema\/logo\/image\/\",\"url\":\"https:\/\/hallenprofi.com\/wp-content\/uploads\/2023\/04\/hallenprofi_social.jpg\",\"contentUrl\":\"https:\/\/hallenprofi.com\/wp-content\/uploads\/2023\/04\/hallenprofi_social.jpg\",\"width\":800,\"height\":413,\"caption\":\"Hallenprofi\"},\"image\":{\"@id\":\"https:\/\/hallenprofi.com\/#\/schema\/logo\/image\/\"},\"sameAs\":[\"https:\/\/www.facebook.com\/profile.php?id=100092280856640\"]}]}<\/script>\n<!-- \/ Yoast SEO plugin. -->","yoast_head_json":{"title":"Hallenbau und Stahlbau","description":"Hallenprofi Ihr Profi f\u00fcr Hallensysteme und Stahlbau - Hallenbau, Stahlbau, Planenhallen, Leichtbauhallen, Gewerbehallen,\u2026","robots":{"index":"index","follow":"follow","max-snippet":"max-snippet:-1","max-image-preview":"max-image-preview:large","max-video-preview":"max-video-preview:-1"},"canonical":"https:\/\/hallenprofi.com\/","og_locale":"de_DE","og_type":"article","og_title":"Hallenprofi","og_description":"Entwicklung, Planung, Fertigung und Montage von Hallensystemen","og_url":"https:\/\/hallenprofi.com\/","og_site_name":"Hallenprofi","article_publisher":"https:\/\/www.facebook.com\/profile.php?id=100092280856640","article_modified_time":"2023-08-30T11:34:26+00:00","og_image":[{"width":800,"height":413,"url":"https:\/\/hallenprofi.com\/wp-content\/uploads\/2023\/04\/hallenprofi_social.jpg","type":"image\/jpeg"}],"twitter_card":"summary_large_image","twitter_title":"Hallenprofi","twitter_description":"Entwicklung, Planung, Fertigung und Montage von Hallensystemen","twitter_image":"https:\/\/hallenprofi.com\/wp-content\/uploads\/2023\/04\/hallenprofi_social.jpg","twitter_misc":{"Gesch\u00e4tzte Lesezeit":"2\u00a0Minuten"},"schema":{"@context":"https:\/\/schema.org","@graph":[{"@type":"WebPage","@id":"https:\/\/hallenprofi.com\/","url":"https:\/\/hallenprofi.com\/","name":"Hallenbau und Stahlbau","isPartOf":{"@id":"https:\/\/hallenprofi.com\/#website"},"primaryImageOfPage":{"@id":"https:\/\/hallenprofi.com\/#primaryimage"},"image":{"@id":"https:\/\/hallenprofi.com\/#primaryimage"},"thumbnailUrl":"https:\/\/hallenprofi.com\/wp-content\/uploads\/2023\/03\/service.png","datePublished":"2023-03-27T13:45:35+00:00","dateModified":"2023-08-30T11:34:26+00:00","description":"Hallenprofi Ihr Profi f\u00fcr Hallensysteme und Stahlbau - Hallenbau, Stahlbau, Planenhallen, Leichtbauhallen, Gewerbehallen,\u2026","breadcrumb":{"@id":"https:\/\/hallenprofi.com\/#breadcrumb"},"inLanguage":"de","potentialAction":[{"@type":"ReadAction","target":["https:\/\/hallenprofi.com\/"]}]},{"@type":"ImageObject","inLanguage":"de","@id":"https:\/\/hallenprofi.com\/#primaryimage","url":"https:\/\/hallenprofi.com\/wp-content\/uploads\/2023\/03\/service.png","contentUrl":"https:\/\/hallenprofi.com\/wp-content\/uploads\/2023\/03\/service.png","width":1189,"height":148,"caption":"Hallenprofi - Stahlbau - Hallenbau - Industriehallen - Planenhallen - Zeltbau - Gewerbehalle"},{"@type":"BreadcrumbList","@id":"https:\/\/hallenprofi.com\/#breadcrumb","itemListElement":[{"@type":"ListItem","position":1,"name":"Startseite","item":"https:\/\/hallenprofi.com\/"},{"@type":"ListItem","position":2,"name":"Home"}]},{"@type":"WebSite","@id":"https:\/\/hallenprofi.com\/#website","url":"https:\/\/hallenprofi.com\/","name":"Hallenprofi","description":"Hallenbau, Stahlbau, Planenhallen, Leichtbauhallen, Gewerbehallen,\u2026","publisher":{"@id":"https:\/\/hallenprofi.com\/#organization"},"alternateName":"Hallenprofi","potentialAction":[{"@type":"SearchAction","target":{"@type":"EntryPoint","urlTemplate":"https:\/\/hallenprofi.com\/?s={search_term_string}"},"query-input":"required name=search_term_string"}],"inLanguage":"de"},{"@type":"Organization","@id":"https:\/\/hallenprofi.com\/#organization","name":"Hallenprofi","alternateName":"Stahl & Hallen Profi GmbH","url":"https:\/\/hallenprofi.com\/","logo":{"@type":"ImageObject","inLanguage":"de","@id":"https:\/\/hallenprofi.com\/#\/schema\/logo\/image\/","url":"https:\/\/hallenprofi.com\/wp-content\/uploads\/2023\/04\/hallenprofi_social.jpg","contentUrl":"https:\/\/hallenprofi.com\/wp-content\/uploads\/2023\/04\/hallenprofi_social.jpg","width":800,"height":413,"caption":"Hallenprofi"},"image":{"@id":"https:\/\/hallenprofi.com\/#\/schema\/logo\/image\/"},"sameAs":["https:\/\/www.facebook.com\/profile.php?id=100092280856640"]}]}},"_links":{"self":[{"href":"https:\/\/hallenprofi.com\/index.php?rest_route=\/wp\/v2\/pages\/1319"}],"collection":[{"href":"https:\/\/hallenprofi.com\/index.php?rest_route=\/wp\/v2\/pages"}],"about":[{"href":"https:\/\/hallenprofi.com\/index.php?rest_route=\/wp\/v2\/types\/page"}],"author":[{"embeddable":true,"href":"https:\/\/hallenprofi.com\/index.php?rest_route=\/wp\/v2\/users\/1"}],"replies":[{"embeddable":true,"href":"https:\/\/hallenprofi.com\/index.php?rest_route=%2Fwp%2Fv2%2Fcomments&post=1319"}],"version-history":[{"count":18,"href":"https:\/\/hallenprofi.com\/index.php?rest_route=\/wp\/v2\/pages\/1319\/revisions"}],"predecessor-version":[{"id":1496,"href":"https:\/\/hallenprofi.com\/index.php?rest_route=\/wp\/v2\/pages\/1319\/revisions\/1496"}],"wp:attachment":[{"href":"https:\/\/hallenprofi.com\/index.php?rest_route=%2Fwp%2Fv2%2Fmedia&parent=1319"}],"curies":[{"name":"wp","href":"https:\/\/api.w.org\/{rel}","templated":true}]}}