{"id":1321,"date":"2023-03-27T13:47:11","date_gmt":"2023-03-27T13:47:11","guid":{"rendered":"https:\/\/hallenprofi.com\/?page_id=1321"},"modified":"2023-05-04T16:29:01","modified_gmt":"2023-05-04T16:29:01","slug":"leistungen","status":"publish","type":"page","link":"https:\/\/hallenprofi.com\/?page_id=1321","title":{"rendered":"Leistungen"},"content":{"rendered":"<div class=\"container\" style=\"text-align:center;padding-top:6rem;padding-bottom:2rem\">\n<h1>Ihr Profi f\u00fcr Hallenbau und Stahlbau<\/h1>\n<h2>Gewerbehallen, Industriehallen, Lagerhallen, Reithallen,..<\/h2>\n<h3>Wenn es um das Thema Hallenbau geht, sind Sie bei Hallenprofi an der richtigen Adresse!<\/h3>\n<\/div>\n<div class=\"leistungen_background\">\n<div class=\"container cards_leistungen\">\n<div class=\"row\">\n<div class=\"col-12 col-lg-3 zentriert\">\n<div class=\"card\" style=\"max-width: 18rem;\">\n<div class=\"card-body\">\n<h5 class=\"card-title\">ENTWERFEN<\/h5>\n<p class=\"card-text\">Wir entwerfen Stahlkonstruktionen f\u00fcr Zelt-, Lager- und Produktionshallen.<br \/>\nWir konstruieren Bauwerke<br \/>\nnach Eurocodes gem\u00e4\u00df den geforderten Normen<br \/>\nPN-EN 1990 und<br \/>\nPN-EN 1991.<\/p>\n<\/p><\/div>\n<\/div><\/div>\n<div class=\"col-12 col-lg-3 zentriert\">\n<div class=\"card\" style=\"max-width: 18rem;\">\n<div class=\"card-body\">\n<h5 class=\"card-title\">MONTAGE\/<br \/>ERWEITERUNG<\/h5>\n<p class=\"card-text\">Auf Wunsch sind<br \/>\nwir in der Lage, die<br \/>\ngesamte Bauaufsicht<br \/>\nzu \u00fcbernehmen \u2013<br \/>\nangefangen bei Erdarbeiten bis hin zur Vorbereitung der Investition f\u00fcr die Abnahme.<\/p>\n<\/p><\/div>\n<\/div><\/div>\n<div class=\"col-12 col-lg-3 zentriert\">\n<div class=\"card\" style=\"max-width: 18rem;\">\n<div class=\"card-body\">\n<h5 class=\"card-title\">TRANSPORT<br \/>&#038; LOGISTIK<\/h5>\n<p class=\"card-text\">Wir transportieren<br \/>\nunsere Produkte<br \/>\neuropaweit mit<br \/>\neigenen Fahrzeugen.<br \/>\nDas erm\u00f6glicht uns<br \/>\ndie Kontrolle des<br \/>\ngesamten Lieferprozesses.<\/p>\n<\/p><\/div>\n<\/div><\/div>\n<\/div>\n<p style=\"padding-top:2rem;\">\n<p>Von der Entwicklung und Planung bis zur Fertigung und Endmontage erhalten Sie alles aus einer Hand.<\/p>\n<p>Unsere erfahrenen Produzenten sind genauso wie wir stets um Sie bem\u00fcht \u2013 Sie werden kompetent beraten und d\u00fcrfen selbstverst\u00e4ndlich mit einer fachkundigen und prompten Ausf\u00fchrung rechnen.<\/p>\n<\/p><\/div>\n<\/div>\n<div class=\"row home_text\" style=\"padding-top:5rem;\">\n<div class=\"d-none d-lg-block col-lg-5 home_text_hintergrund\"><\/div>\n<div class=\"col-12 col-lg-7\">\n<div class=\"row home_text_abstand\">\n<div class=\"col-12\">\n<h2>Uns ist nichts zu gro\u00df oder zu klein<\/h2>\n<\/p><\/div>\n<div class=\"col-6\">\n<p>Von der Entwicklung und Planung bis zur Fertigung und Endmontage erhalten Sie alles aus einer Hand.<\/p>\n<p>Schneiden, Formen, Schwei\u00dfen, Oberfl\u00e4chenbearbeitung und Montage \u2013 wir liefern Stahl, Edelstahl und Nichteisenmetalle, nach Kundenvorgaben von kleineren St\u00fcckzahlen bis zur Gro\u00dfserie. Dabei unterst\u00fctzen wir Sie bei Bedarf auch bei der Beratung und Entwicklung Ihrer Produkte.<\/p>\n<p>Wenn es um Stahl- und Metallprodukte geht, k\u00f6nnen Sie auf unsere Kompetenz vertrauen!<\/p>\n<\/p><\/div>\n<div class=\"col-6\">\n<p>Unser erfahrener Produzent ist genauso wie wir stets um Sie bem\u00fcht \u2013 Sie werden kompetent beraten und d\u00fcrfen selbstverst\u00e4ndlich mit einer fachkundigen und prompten Ausf\u00fchrung rechnen.<\/p>\n<p>Unabh\u00e4ngig von einem Hallenkauf bieten wir gerne kosteng\u00fcnstig f\u00fcr Ihre Beh\u00f6rde<br \/>\n\t\t\t\t\tdie vollst\u00e4ndige Baueingabeplanung an. Auf Wunsch stellen wir einen erfahrenen Projektleiter, welcher Ihnen mit seiner fachm\u00e4nnischen Kompetenz zur Seite steht. Lassen Sie Ihr Projekt unsere Sorge sein. Unsere Erfahrung ist Ihr Erfolg \u2013 dadurch sparen Sie Zeit und Geld.<\/p>\n<p>\t\t\t\t<a href=\"#kunden\" class=\"btn btn-kunden\"><\/a><\/p><\/div>\n<\/p><\/div>\n<div class=\"row erfahrung\">\n<div class=\"col-6 projekte_hintergrund\">\n<p>20+<\/p>\n<h3>Jahre Erfahrung im Hallenbau<\/h3>\n<\/p><\/div>\n<div class=\"col-6 projekte_hintergrund2\">\n<p>500+<\/p>\n<h3>Projekte<\/h3>\n<\/p><\/div>\n<\/p><\/div>\n<\/p><\/div>\n<\/div>\n","protected":false},"excerpt":{"rendered":"<p>Ihr Profi f\u00fcr Hallenbau und Stahlbau Gewerbehallen, Industriehallen, Lagerhallen, Reithallen,.. Wenn es um das Thema Hallenbau geht, sind Sie bei Hallenprofi an der richtigen Adresse! ENTWERFEN Wir entwerfen Stahlkonstruktionen f\u00fcr Zelt-, Lager- und Produktionshallen. Wir konstruieren Bauwerke nach Eurocodes gem\u00e4\u00df den geforderten Normen PN-EN 1990 und PN-EN 1991. MONTAGE\/ERWEITERUNG Auf Wunsch sind wir in der [&hellip;]<\/p>\n","protected":false},"author":1,"featured_media":0,"parent":0,"menu_order":0,"comment_status":"closed","ping_status":"closed","template":"fullwidth.php","meta":{"footnotes":""},"yoast_head":"<!-- This site is optimized with the Yoast SEO plugin v22.6 - https:\/\/yoast.com\/wordpress\/plugins\/seo\/ -->\n<title>Hallenprofi - Leistungen<\/title>\n<meta name=\"description\" content=\"Ihr Ansprechpartner f\u00fcr Hallenbau! Wir planen, produzieren und montieren verschiedene Hallensysteme. Planenhallen, Stahlhallen, Gewerbehallen\" \/>\n<meta name=\"robots\" content=\"index, follow, max-snippet:-1, max-image-preview:large, max-video-preview:-1\" \/>\n<link rel=\"canonical\" href=\"https:\/\/hallenprofi.com\/?page_id=1321\" \/>\n<meta property=\"og:locale\" content=\"de_DE\" \/>\n<meta property=\"og:type\" content=\"article\" \/>\n<meta property=\"og:title\" content=\"Hallenprofi - Leistungen\" \/>\n<meta property=\"og:description\" content=\"Ihr Ansprechpartner f\u00fcr Hallenbau! Wir planen, produzieren und montieren verschiedene Hallensysteme. Planenhallen, Stahlhallen, Gewerbehallen\" \/>\n<meta property=\"og:url\" content=\"https:\/\/hallenprofi.com\/?page_id=1321\" \/>\n<meta property=\"og:site_name\" content=\"Hallenprofi\" \/>\n<meta property=\"article:publisher\" content=\"https:\/\/www.facebook.com\/profile.php?id=100092280856640\" \/>\n<meta property=\"article:modified_time\" content=\"2023-05-04T16:29:01+00:00\" \/>\n<meta property=\"og:image\" content=\"https:\/\/hallenprofi.com\/wp-content\/uploads\/2023\/04\/hallenprofi_social.jpg\" \/>\n\t<meta property=\"og:image:width\" content=\"800\" \/>\n\t<meta property=\"og:image:height\" content=\"413\" \/>\n\t<meta property=\"og:image:type\" content=\"image\/jpeg\" \/>\n<meta name=\"twitter:card\" content=\"summary_large_image\" \/>\n<meta name=\"twitter:title\" content=\"Hallenprofi - Leistungen\" \/>\n<meta name=\"twitter:description\" content=\"Ihr Ansprechpartner f\u00fcr Hallenbau! Wir planen, produzieren und montieren verschiedene Hallensysteme. Planenhallen, Stahlhallen, Gewerbehallen\" \/>\n<meta name=\"twitter:image\" content=\"https:\/\/hallenprofi.com\/wp-content\/uploads\/2023\/04\/hallenprofi_social.jpg\" \/>\n<meta name=\"twitter:label1\" content=\"Gesch\u00e4tzte Lesezeit\" \/>\n\t<meta name=\"twitter:data1\" content=\"2\u00a0Minuten\" \/>\n<script type=\"application\/ld+json\" class=\"yoast-schema-graph\">{\"@context\":\"https:\/\/schema.org\",\"@graph\":[{\"@type\":\"WebPage\",\"@id\":\"https:\/\/hallenprofi.com\/?page_id=1321\",\"url\":\"https:\/\/hallenprofi.com\/?page_id=1321\",\"name\":\"Hallenprofi - Leistungen\",\"isPartOf\":{\"@id\":\"https:\/\/hallenprofi.com\/#website\"},\"datePublished\":\"2023-03-27T13:47:11+00:00\",\"dateModified\":\"2023-05-04T16:29:01+00:00\",\"description\":\"Ihr Ansprechpartner f\u00fcr Hallenbau! Wir planen, produzieren und montieren verschiedene Hallensysteme. Planenhallen, Stahlhallen, Gewerbehallen\",\"breadcrumb\":{\"@id\":\"https:\/\/hallenprofi.com\/?page_id=1321#breadcrumb\"},\"inLanguage\":\"de\",\"potentialAction\":[{\"@type\":\"ReadAction\",\"target\":[\"https:\/\/hallenprofi.com\/?page_id=1321\"]}]},{\"@type\":\"BreadcrumbList\",\"@id\":\"https:\/\/hallenprofi.com\/?page_id=1321#breadcrumb\",\"itemListElement\":[{\"@type\":\"ListItem\",\"position\":1,\"name\":\"Startseite\",\"item\":\"https:\/\/hallenprofi.com\/\"},{\"@type\":\"ListItem\",\"position\":2,\"name\":\"Leistungen\"}]},{\"@type\":\"WebSite\",\"@id\":\"https:\/\/hallenprofi.com\/#website\",\"url\":\"https:\/\/hallenprofi.com\/\",\"name\":\"Hallenprofi\",\"description\":\"Hallenbau, Stahlbau, Planenhallen, Leichtbauhallen, Gewerbehallen,\u2026\",\"publisher\":{\"@id\":\"https:\/\/hallenprofi.com\/#organization\"},\"alternateName\":\"Hallenprofi\",\"potentialAction\":[{\"@type\":\"SearchAction\",\"target\":{\"@type\":\"EntryPoint\",\"urlTemplate\":\"https:\/\/hallenprofi.com\/?s={search_term_string}\"},\"query-input\":\"required name=search_term_string\"}],\"inLanguage\":\"de\"},{\"@type\":\"Organization\",\"@id\":\"https:\/\/hallenprofi.com\/#organization\",\"name\":\"Hallenprofi\",\"alternateName\":\"Stahl & Hallen Profi GmbH\",\"url\":\"https:\/\/hallenprofi.com\/\",\"logo\":{\"@type\":\"ImageObject\",\"inLanguage\":\"de\",\"@id\":\"https:\/\/hallenprofi.com\/#\/schema\/logo\/image\/\",\"url\":\"https:\/\/hallenprofi.com\/wp-content\/uploads\/2023\/04\/hallenprofi_social.jpg\",\"contentUrl\":\"https:\/\/hallenprofi.com\/wp-content\/uploads\/2023\/04\/hallenprofi_social.jpg\",\"width\":800,\"height\":413,\"caption\":\"Hallenprofi\"},\"image\":{\"@id\":\"https:\/\/hallenprofi.com\/#\/schema\/logo\/image\/\"},\"sameAs\":[\"https:\/\/www.facebook.com\/profile.php?id=100092280856640\"]}]}<\/script>\n<!-- \/ Yoast SEO plugin. -->","yoast_head_json":{"title":"Hallenprofi - Leistungen","description":"Ihr Ansprechpartner f\u00fcr Hallenbau! Wir planen, produzieren und montieren verschiedene Hallensysteme. Planenhallen, Stahlhallen, Gewerbehallen","robots":{"index":"index","follow":"follow","max-snippet":"max-snippet:-1","max-image-preview":"max-image-preview:large","max-video-preview":"max-video-preview:-1"},"canonical":"https:\/\/hallenprofi.com\/?page_id=1321","og_locale":"de_DE","og_type":"article","og_title":"Hallenprofi - Leistungen","og_description":"Ihr Ansprechpartner f\u00fcr Hallenbau! Wir planen, produzieren und montieren verschiedene Hallensysteme. Planenhallen, Stahlhallen, Gewerbehallen","og_url":"https:\/\/hallenprofi.com\/?page_id=1321","og_site_name":"Hallenprofi","article_publisher":"https:\/\/www.facebook.com\/profile.php?id=100092280856640","article_modified_time":"2023-05-04T16:29:01+00:00","og_image":[{"width":800,"height":413,"url":"https:\/\/hallenprofi.com\/wp-content\/uploads\/2023\/04\/hallenprofi_social.jpg","type":"image\/jpeg"}],"twitter_card":"summary_large_image","twitter_title":"Hallenprofi - Leistungen","twitter_description":"Ihr Ansprechpartner f\u00fcr Hallenbau! Wir planen, produzieren und montieren verschiedene Hallensysteme. Planenhallen, Stahlhallen, Gewerbehallen","twitter_image":"https:\/\/hallenprofi.com\/wp-content\/uploads\/2023\/04\/hallenprofi_social.jpg","twitter_misc":{"Gesch\u00e4tzte Lesezeit":"2\u00a0Minuten"},"schema":{"@context":"https:\/\/schema.org","@graph":[{"@type":"WebPage","@id":"https:\/\/hallenprofi.com\/?page_id=1321","url":"https:\/\/hallenprofi.com\/?page_id=1321","name":"Hallenprofi - Leistungen","isPartOf":{"@id":"https:\/\/hallenprofi.com\/#website"},"datePublished":"2023-03-27T13:47:11+00:00","dateModified":"2023-05-04T16:29:01+00:00","description":"Ihr Ansprechpartner f\u00fcr Hallenbau! Wir planen, produzieren und montieren verschiedene Hallensysteme. Planenhallen, Stahlhallen, Gewerbehallen","breadcrumb":{"@id":"https:\/\/hallenprofi.com\/?page_id=1321#breadcrumb"},"inLanguage":"de","potentialAction":[{"@type":"ReadAction","target":["https:\/\/hallenprofi.com\/?page_id=1321"]}]},{"@type":"BreadcrumbList","@id":"https:\/\/hallenprofi.com\/?page_id=1321#breadcrumb","itemListElement":[{"@type":"ListItem","position":1,"name":"Startseite","item":"https:\/\/hallenprofi.com\/"},{"@type":"ListItem","position":2,"name":"Leistungen"}]},{"@type":"WebSite","@id":"https:\/\/hallenprofi.com\/#website","url":"https:\/\/hallenprofi.com\/","name":"Hallenprofi","description":"Hallenbau, Stahlbau, Planenhallen, Leichtbauhallen, Gewerbehallen,\u2026","publisher":{"@id":"https:\/\/hallenprofi.com\/#organization"},"alternateName":"Hallenprofi","potentialAction":[{"@type":"SearchAction","target":{"@type":"EntryPoint","urlTemplate":"https:\/\/hallenprofi.com\/?s={search_term_string}"},"query-input":"required name=search_term_string"}],"inLanguage":"de"},{"@type":"Organization","@id":"https:\/\/hallenprofi.com\/#organization","name":"Hallenprofi","alternateName":"Stahl & Hallen Profi GmbH","url":"https:\/\/hallenprofi.com\/","logo":{"@type":"ImageObject","inLanguage":"de","@id":"https:\/\/hallenprofi.com\/#\/schema\/logo\/image\/","url":"https:\/\/hallenprofi.com\/wp-content\/uploads\/2023\/04\/hallenprofi_social.jpg","contentUrl":"https:\/\/hallenprofi.com\/wp-content\/uploads\/2023\/04\/hallenprofi_social.jpg","width":800,"height":413,"caption":"Hallenprofi"},"image":{"@id":"https:\/\/hallenprofi.com\/#\/schema\/logo\/image\/"},"sameAs":["https:\/\/www.facebook.com\/profile.php?id=100092280856640"]}]}},"_links":{"self":[{"href":"https:\/\/hallenprofi.com\/index.php?rest_route=\/wp\/v2\/pages\/1321"}],"collection":[{"href":"https:\/\/hallenprofi.com\/index.php?rest_route=\/wp\/v2\/pages"}],"about":[{"href":"https:\/\/hallenprofi.com\/index.php?rest_route=\/wp\/v2\/types\/page"}],"author":[{"embeddable":true,"href":"https:\/\/hallenprofi.com\/index.php?rest_route=\/wp\/v2\/users\/1"}],"replies":[{"embeddable":true,"href":"https:\/\/hallenprofi.com\/index.php?rest_route=%2Fwp%2Fv2%2Fcomments&post=1321"}],"version-history":[{"count":7,"href":"https:\/\/hallenprofi.com\/index.php?rest_route=\/wp\/v2\/pages\/1321\/revisions"}],"predecessor-version":[{"id":1472,"href":"https:\/\/hallenprofi.com\/index.php?rest_route=\/wp\/v2\/pages\/1321\/revisions\/1472"}],"wp:attachment":[{"href":"https:\/\/hallenprofi.com\/index.php?rest_route=%2Fwp%2Fv2%2Fmedia&parent=1321"}],"curies":[{"name":"wp","href":"https:\/\/api.w.org\/{rel}","templated":true}]}}